{"id":130,"date":"2021-01-29T11:36:04","date_gmt":"2021-01-29T17:36:04","guid":{"rendered":"https:\/\/bio-filtro.com\/fr\/?page_id=130"},"modified":"2021-11-23T13:23:48","modified_gmt":"2021-11-23T19:23:48","slug":"qui-sommes-nous","status":"publish","type":"page","link":"https:\/\/bio-filtro.com\/fr\/qui-sommes-nous\/","title":{"rendered":"Qui sommes nous?"},"content":{"rendered":"\t\t<div data-elementor-type=\"wp-page\" data-elementor-id=\"130\" class=\"elementor elementor-130\" data-elementor-settings=\"[]\">\n\t\t\t\t\t\t<div class=\"elementor-inner\">\n\t\t\t\t\t\t\t<div class=\"elementor-section-wrap\">\n\t\t\t\t\t\t\t<section class=\"elementor-section elementor-top-section elementor-element elementor-element-994cd0c elementor-section-boxed elementor-section-height-default elementor-section-height-default\" data-id=\"994cd0c\" data-element_type=\"section\">\n\t\t\t\t\t\t<div class=\"elementor-container elementor-column-gap-default\">\n\t\t\t\t\t\t\t<div class=\"elementor-row\">\n\t\t\t\t\t<div class=\"elementor-column elementor-col-100 elementor-top-column elementor-element elementor-element-da7c40a\" data-id=\"da7c40a\" data-element_type=\"column\">\n\t\t\t<div class=\"elementor-column-wrap elementor-element-populated\">\n\t\t\t\t\t\t\t<div class=\"elementor-widget-wrap\">\n\t\t\t\t\t\t<div class=\"elementor-element elementor-element-77141c6 elementor-widget elementor-widget-heading\" data-id=\"77141c6\" data-element_type=\"widget\" data-widget_type=\"heading.default\">\n\t\t\t\t<div class=\"elementor-widget-container\">\n\t\t\t<h1 class=\"elementor-heading-title elementor-size-large\">Qui sommes nous?<\/h1>\t\t<\/div>\n\t\t\t\t<\/div>\n\t\t\t\t<div class=\"elementor-element elementor-element-fa21e2a elementor-widget elementor-widget-text-editor\" data-id=\"fa21e2a\" data-element_type=\"widget\" data-widget_type=\"text-editor.default\">\n\t\t\t\t<div class=\"elementor-widget-container\">\n\t\t\t\t\t\t\t\t<div class=\"elementor-text-editor elementor-clearfix\">\n\t\t\t\t<p><strong>TIERRA DESIGN<\/strong> est une organisation qui forme des artisans \u00e0 la production de pi\u00e8ces de c\u00e9ramiques artisanales, compos\u00e9es d\u2019argile naturelle locale, dans la r\u00e9gion des \u00eelots de Granada, au Nicaragua.<\/p><p>Notre objectif est de former et de sensibiliser les artisans locaux aux standard de qualit\u00e9 d\u2019exportation, afin qu\u2019ils puissent vivre avec un revenu d\u00e9cent.<\/p><p>Apr\u00e8s un an et demi de recherche et d\u00e9veloppement, financ\u00e9 \u00e0 100% par notre fondateur, un entrepreneur fran\u00e7ais avec 40 ans d\u2019exp\u00e9rience d\u2019entreprenariat, et avec la collaboration des deux meilleurs artisans du pays, nous produisons des BIOFILTRO aux normes d\u2019exportation.<\/p><p>Les <strong>BIOFILTRO<\/strong> sont les premi\u00e8res cr\u00e9ations de TIERRA DESIGN et nous sommes en train de d\u00e9velopper d\u2019autres lignes de c\u00e9ramiques.<br \/>Les marques TIERRA DESIGN et BIOFILTRO sont enregistr\u00e9es et nous avons brevet\u00e9 le BIOFILTRO.<\/p><p>Les \u00eelos de Grenade ont \u00e9t\u00e9 un centre de production de c\u00e9ramique des peuples indig\u00e8nes, et avec TIERRA DESIGN, nous esp\u00e9rons faire revivre cette tradition.<\/p>\t\t\t\t\t<\/div>\n\t\t\t\t\t\t<\/div>\n\t\t\t\t<\/div>\n\t\t\t\t\t\t<\/div>\n\t\t\t\t\t<\/div>\n\t\t<\/div>\n\t\t\t\t\t\t\t\t<\/div>\n\t\t\t\t\t<\/div>\n\t\t<\/section>\n\t\t\t\t\t\t<\/div>\n\t\t\t\t\t\t<\/div>\n\t\t\t\t\t<\/div>\n\t\t","protected":false},"excerpt":{"rendered":"<p>Qui sommes nous? TIERRA DESIGN est une organisation qui forme des artisans \u00e0 la production de pi\u00e8ces de c\u00e9ramiques artisanales, compos\u00e9es d\u2019argile naturelle locale, dans la r\u00e9gion des \u00eelots de Granada, au Nicaragua. Notre objectif est de former et de sensibiliser les artisans locaux aux standard de qualit\u00e9 d\u2019exportation, afin qu\u2019ils puissent vivre avec un [&hellip;]<\/p>\n","protected":false},"author":1,"featured_media":0,"parent":0,"menu_order":0,"comment_status":"closed","ping_status":"closed","template":"","meta":{"footnotes":""},"class_list":["post-130","page","type-page","status-publish","hentry"],"aioseo_notices":[],"_links":{"self":[{"href":"https:\/\/bio-filtro.com\/fr\/wp-json\/wp\/v2\/pages\/130","targetHints":{"allow":["GET"]}}],"collection":[{"href":"https:\/\/bio-filtro.com\/fr\/wp-json\/wp\/v2\/pages"}],"about":[{"href":"https:\/\/bio-filtro.com\/fr\/wp-json\/wp\/v2\/types\/page"}],"author":[{"embeddable":true,"href":"https:\/\/bio-filtro.com\/fr\/wp-json\/wp\/v2\/users\/1"}],"replies":[{"embeddable":true,"href":"https:\/\/bio-filtro.com\/fr\/wp-json\/wp\/v2\/comments?post=130"}],"version-history":[{"count":10,"href":"https:\/\/bio-filtro.com\/fr\/wp-json\/wp\/v2\/pages\/130\/revisions"}],"predecessor-version":[{"id":326,"href":"https:\/\/bio-filtro.com\/fr\/wp-json\/wp\/v2\/pages\/130\/revisions\/326"}],"wp:attachment":[{"href":"https:\/\/bio-filtro.com\/fr\/wp-json\/wp\/v2\/media?parent=130"}],"curies":[{"name":"wp","href":"https:\/\/api.w.org\/{rel}","templated":true}]}}