{"id":41,"date":"2021-01-29T10:10:42","date_gmt":"2021-01-29T16:10:42","guid":{"rendered":"https:\/\/bio-filtro.com\/fr\/?page_id=41"},"modified":"2023-08-11T15:04:53","modified_gmt":"2023-08-11T21:04:53","slug":"foncionnement","status":"publish","type":"page","link":"https:\/\/bio-filtro.com\/fr\/foncionnement\/","title":{"rendered":"Foncionnement"},"content":{"rendered":"\t\t<div data-elementor-type=\"wp-page\" data-elementor-id=\"41\" class=\"elementor elementor-41\" data-elementor-settings=\"[]\">\n\t\t\t\t\t\t<div class=\"elementor-inner\">\n\t\t\t\t\t\t\t<div class=\"elementor-section-wrap\">\n\t\t\t\t\t\t\t<section class=\"elementor-section elementor-top-section elementor-element elementor-element-5667294 elementor-section-boxed elementor-section-height-default elementor-section-height-default\" data-id=\"5667294\" data-element_type=\"section\">\n\t\t\t\t\t\t<div class=\"elementor-container elementor-column-gap-default\">\n\t\t\t\t\t\t\t<div class=\"elementor-row\">\n\t\t\t\t\t<div class=\"elementor-column elementor-col-100 elementor-top-column elementor-element elementor-element-b5aa122\" data-id=\"b5aa122\" data-element_type=\"column\">\n\t\t\t<div class=\"elementor-column-wrap elementor-element-populated\">\n\t\t\t\t\t\t\t<div class=\"elementor-widget-wrap\">\n\t\t\t\t\t\t<div class=\"elementor-element elementor-element-2f68139 elementor-widget elementor-widget-heading\" data-id=\"2f68139\" data-element_type=\"widget\" data-widget_type=\"heading.default\">\n\t\t\t\t<div class=\"elementor-widget-container\">\n\t\t\t<h1 class=\"elementor-heading-title elementor-size-large\">Foncionnement du BIOFILTRO<\/h1>\t\t<\/div>\n\t\t\t\t<\/div>\n\t\t\t\t\t\t<\/div>\n\t\t\t\t\t<\/div>\n\t\t<\/div>\n\t\t\t\t\t\t\t\t<\/div>\n\t\t\t\t\t<\/div>\n\t\t<\/section>\n\t\t\t\t<section class=\"elementor-section elementor-top-section elementor-element elementor-element-e1a1d08 elementor-section-boxed elementor-section-height-default elementor-section-height-default\" data-id=\"e1a1d08\" data-element_type=\"section\">\n\t\t\t\t\t\t<div class=\"elementor-container elementor-column-gap-default\">\n\t\t\t\t\t\t\t<div class=\"elementor-row\">\n\t\t\t\t\t<div class=\"elementor-column elementor-col-100 elementor-top-column elementor-element elementor-element-16e31cf\" data-id=\"16e31cf\" data-element_type=\"column\">\n\t\t\t<div class=\"elementor-column-wrap elementor-element-populated\">\n\t\t\t\t\t\t\t<div class=\"elementor-widget-wrap\">\n\t\t\t\t\t\t<div class=\"elementor-element elementor-element-25f3c9a elementor-widget elementor-widget-image\" data-id=\"25f3c9a\" data-element_type=\"widget\" data-widget_type=\"image.default\">\n\t\t\t\t<div class=\"elementor-widget-container\">\n\t\t\t\t\t\t\t\t<div class=\"elementor-image\">\n\t\t\t\t\t\t\t\t\t\t\t\t<img decoding=\"async\" src=\"https:\/\/bio-filtro.com\/fr\/wp-content\/uploads\/sites\/4\/2021\/06\/BIOFILTRO-ELEMENTOS-fr-600x544.jpg\" title=\"BIOFILTRO-ELEMENTOS-fr\" alt=\"BIOFILTRO-ELEMENTOS-fr\" \/>\t\t\t\t\t\t\t\t\t\t\t\t\t\t<\/div>\n\t\t\t\t\t\t<\/div>\n\t\t\t\t<\/div>\n\t\t\t\t\t\t<\/div>\n\t\t\t\t\t<\/div>\n\t\t<\/div>\n\t\t\t\t\t\t\t\t<\/div>\n\t\t\t\t\t<\/div>\n\t\t<\/section>\n\t\t\t\t<section class=\"elementor-section elementor-top-section elementor-element elementor-element-2978fbe elementor-section-boxed elementor-section-height-default elementor-section-height-default\" data-id=\"2978fbe\" data-element_type=\"section\">\n\t\t\t\t\t\t<div class=\"elementor-container elementor-column-gap-wider\">\n\t\t\t\t\t\t\t<div class=\"elementor-row\">\n\t\t\t\t\t<div class=\"elementor-column elementor-col-100 elementor-top-column elementor-element elementor-element-56b3890\" data-id=\"56b3890\" data-element_type=\"column\">\n\t\t\t<div class=\"elementor-column-wrap elementor-element-populated\">\n\t\t\t\t\t\t\t<div class=\"elementor-widget-wrap\">\n\t\t\t\t\t\t<div class=\"elementor-element elementor-element-dd76ff4 elementor-widget elementor-widget-heading\" data-id=\"dd76ff4\" data-element_type=\"widget\" data-widget_type=\"heading.default\">\n\t\t\t\t<div class=\"elementor-widget-container\">\n\t\t\t<h2 class=\"elementor-heading-title elementor-size-default\">Comment fonctionne la filtration<\/h2>\t\t<\/div>\n\t\t\t\t<\/div>\n\t\t\t\t<div class=\"elementor-element elementor-element-9f813c2 elementor-widget elementor-widget-text-editor\" data-id=\"9f813c2\" data-element_type=\"widget\" data-widget_type=\"text-editor.default\">\n\t\t\t\t<div class=\"elementor-widget-container\">\n\t\t\t\t\t\t\t\t<div class=\"elementor-text-editor elementor-clearfix\">\n\t\t\t\tPar gravit\u00e9, l\u2019eau contamin\u00e9e traverse l\u2019argile par des canaux microscopiques de charbon actif naturel.\n\nGr\u00e2ce \u00e0 cette filtration ultrafine, les agents pathog\u00e8nes et les mat\u00e9riaux solides sont pi\u00e9g\u00e9s et d\u00e9truits au contact de l\u2019argent collo\u00efdal, laquelle est reconnue depuis de nombreuses ann\u00e9es, comme l\u2019un des biocides naturels les plus efficaces. Les bact\u00e9ries qui entrent en contact avec les particules d\u2019argent sont neutralis\u00e9es, laissant l\u2019eau potable \u00e0 la consommation.\t\t\t\t\t<\/div>\n\t\t\t\t\t\t<\/div>\n\t\t\t\t<\/div>\n\t\t\t\t\t\t<\/div>\n\t\t\t\t\t<\/div>\n\t\t<\/div>\n\t\t\t\t\t\t\t\t<\/div>\n\t\t\t\t\t<\/div>\n\t\t<\/section>\n\t\t\t\t<section class=\"elementor-section elementor-top-section elementor-element elementor-element-f9273a6 elementor-section-boxed elementor-section-height-default elementor-section-height-default\" data-id=\"f9273a6\" data-element_type=\"section\">\n\t\t\t\t\t\t<div class=\"elementor-container elementor-column-gap-wider\">\n\t\t\t\t\t\t\t<div class=\"elementor-row\">\n\t\t\t\t\t<div class=\"elementor-column elementor-col-50 elementor-top-column elementor-element elementor-element-69f6e38\" data-id=\"69f6e38\" data-element_type=\"column\" data-settings=\"{&quot;background_background&quot;:&quot;gradient&quot;}\">\n\t\t\t<div class=\"elementor-column-wrap elementor-element-populated\">\n\t\t\t\t\t\t\t<div class=\"elementor-widget-wrap\">\n\t\t\t\t\t\t<div class=\"elementor-element elementor-element-c7a9c6a elementor-widget elementor-widget-heading\" data-id=\"c7a9c6a\" data-element_type=\"widget\" data-widget_type=\"heading.default\">\n\t\t\t\t<div class=\"elementor-widget-container\">\n\t\t\t<h3 class=\"elementor-heading-title elementor-size-default\">L\u2019unit\u00e9 de filtration<\/h3>\t\t<\/div>\n\t\t\t\t<\/div>\n\t\t\t\t<div class=\"elementor-element elementor-element-d601a8f elementor-widget elementor-widget-image\" data-id=\"d601a8f\" data-element_type=\"widget\" data-widget_type=\"image.default\">\n\t\t\t\t<div class=\"elementor-widget-container\">\n\t\t\t\t\t\t\t\t<div class=\"elementor-image\">\n\t\t\t\t\t\t\t\t\t\t\t\t<img decoding=\"async\" src=\"https:\/\/bio-filtro.com\/wp-content\/uploads\/2021\/01\/unidad-de-filtracion-2.jpg\" title=\"\" alt=\"\" \/>\t\t\t\t\t\t\t\t\t\t\t\t\t\t<\/div>\n\t\t\t\t\t\t<\/div>\n\t\t\t\t<\/div>\n\t\t\t\t<div class=\"elementor-element elementor-element-c53431a elementor-widget elementor-widget-text-editor\" data-id=\"c53431a\" data-element_type=\"widget\" data-widget_type=\"text-editor.default\">\n\t\t\t\t<div class=\"elementor-widget-container\">\n\t\t\t\t\t\t\t\t<div class=\"elementor-text-editor elementor-clearfix\">\n\t\t\t\tEst compos\u00e9e de trois mat\u00e9riaux naturels : argile, sciure de bois et argent collo\u00efdal. Pendant la cuisson, la sciure de bois se transforme en charbon actif naturel. Ensuite, toutes les surfaces externe et interne sont impr\u00e9gn\u00e9es d\u2019argent collo\u00efdal sous forme liquide. \t\t\t\t\t<\/div>\n\t\t\t\t\t\t<\/div>\n\t\t\t\t<\/div>\n\t\t\t\t<div class=\"elementor-element elementor-element-a2ff89c elementor-widget elementor-widget-heading\" data-id=\"a2ff89c\" data-element_type=\"widget\" data-widget_type=\"heading.default\">\n\t\t\t\t<div class=\"elementor-widget-container\">\n\t\t\t<h3 class=\"elementor-heading-title elementor-size-default\">Taux de filtration BIOFILTRO<\/h3>\t\t<\/div>\n\t\t\t\t<\/div>\n\t\t\t\t<div class=\"elementor-element elementor-element-31c95e6 elementor-widget elementor-widget-text-editor\" data-id=\"31c95e6\" data-element_type=\"widget\" data-widget_type=\"text-editor.default\">\n\t\t\t\t<div class=\"elementor-widget-container\">\n\t\t\t\t\t\t\t\t<div class=\"elementor-text-editor elementor-clearfix\">\n\t\t\t\t<h4><strong>BIOFILTRO 30 litres :<\/strong><\/h4><p><strong>Ideal pour 4 \u00e0 6 personnes.<br \/><\/strong>L&#8217;unit\u00e9 de filtration a une capacit\u00e9 de 9 litres avec un taux de filtration compris entre 1,4 litre et 2,4 litres\/heure avec une moyenne de 1,8 litre\/heure. La production quotidienne d&#8217;eau est d&#8217;environ 22 litres avec 3 remplissages le matin, \u00e0 midi et le soir.<\/p><h4><strong>BIOFILTRO 20 litres:<\/strong><\/h4><p><strong>Ideal pour 3 \u00e0 5 personnes.<br \/><\/strong>L&#8217;unit\u00e9 de filtration a une capacit\u00e9 de 9 litres avec un taux de filtration compris entre 1,4 et 2,4 litres\/heure avec une moyenne de 1,8 litres\/heure. L&#8217;eau produite quotidiennement est d&#8217;environ 15 litres avec 3 remplissages le matin, le midi et le soir.<\/p><h4><strong>BIOFILTRO 12 litres:<\/strong><\/h4><p><strong>Ideal pour 1 \u00e0 2 personnes. <br \/><\/strong>L&#8217;unit\u00e9 de filtration a une capacit\u00e9 de 4,50 litres avec un taux de filtration compris entre 0,70 et 1,20 litre\/heure avec une moyenne de 1 litre\/heure.L&#8217;eau produite quotidiennement est d&#8217;environ 10 litres avec 3 remplissages le matin, le midi et le soir.<\/p><h4><strong>BIOFILTRO 7 litres:<\/strong><\/h4><p><strong>Ideal pour 1 personne.<br \/><\/strong>L&#8217;unit\u00e9 de filtration a une capacit\u00e9 de 2 litres avec un taux de filtration compris entre 0,30 et 0,53 litre\/heure avec une moyenne de 0,42 litre\/heure. L&#8217;eau produite quotidiennement est d&#8217;environ 6 litres avec 3 remplissages le matin, le midi et le soir.<\/p><p><strong>Notes:<\/strong><\/p><ul><li>Lors de la premi\u00e8re utilisation du BIOFITRO, la vitesse de filtration est plus lente.<\/li><li>Pour une bonne utilisation, il est important que le BIOFILTRO soit aussi rempli que possible.<\/li><li>Plus la vitesse de filtration est lente, meilleure est la qualit\u00e9 de l&#8217;eau.<\/li><\/ul>\t\t\t\t\t<\/div>\n\t\t\t\t\t\t<\/div>\n\t\t\t\t<\/div>\n\t\t\t\t\t\t<\/div>\n\t\t\t\t\t<\/div>\n\t\t<\/div>\n\t\t\t\t<div class=\"elementor-column elementor-col-50 elementor-top-column elementor-element elementor-element-d830e79\" data-id=\"d830e79\" data-element_type=\"column\">\n\t\t\t<div class=\"elementor-column-wrap elementor-element-populated\">\n\t\t\t\t\t\t\t<div class=\"elementor-widget-wrap\">\n\t\t\t\t\t\t<div class=\"elementor-element elementor-element-72ecc6d elementor-widget elementor-widget-heading\" data-id=\"72ecc6d\" data-element_type=\"widget\" data-widget_type=\"heading.default\">\n\t\t\t\t<div class=\"elementor-widget-container\">\n\t\t\t<h3 class=\"elementor-heading-title elementor-size-default\">La jarre en c\u00e9ramique<\/h3>\t\t<\/div>\n\t\t\t\t<\/div>\n\t\t\t\t<div class=\"elementor-element elementor-element-29b70b0 elementor-widget elementor-widget-image\" data-id=\"29b70b0\" data-element_type=\"widget\" data-widget_type=\"image.default\">\n\t\t\t\t<div class=\"elementor-widget-container\">\n\t\t\t\t\t\t\t\t<div class=\"elementor-image\">\n\t\t\t\t\t\t\t\t\t\t\t\t<img decoding=\"async\" src=\"https:\/\/bio-filtro.com\/wp-content\/uploads\/2021\/01\/tinaja20litros.jpg\" title=\"\" alt=\"\" \/>\t\t\t\t\t\t\t\t\t\t\t\t\t\t<\/div>\n\t\t\t\t\t\t<\/div>\n\t\t\t\t<\/div>\n\t\t\t\t<div class=\"elementor-element elementor-element-b39b7fd elementor-widget elementor-widget-text-editor\" data-id=\"b39b7fd\" data-element_type=\"widget\" data-widget_type=\"text-editor.default\">\n\t\t\t\t<div class=\"elementor-widget-container\">\n\t\t\t\t\t\t\t\t<div class=\"elementor-text-editor elementor-clearfix\">\n\t\t\t\t<p>Compos\u00e9 exclusivement d\u2019argile extraite localement. Fabriqu\u00e9e et polie par nos artisans, la jarre refroidit l\u2019eau de mani\u00e8re naturelle.<\/p><p>Son fonctionnement est simple : l\u2019eau filtre \u00e0 travers des micros pores de la paroi d\u2019argile, et au contact de l\u2019aire ambiant ext\u00e9rieur, elle s\u2019\u00e9vapore, produisant un effet de refroidissement.<\/p><p>La cl\u00e9 du refroidissement de l\u2019eau, est l\u2019\u00e9vaporation qui a lieu sur la surface ext\u00e9rieure de la jarre.<\/p><p>Elle est imbib\u00e9 d&#8217;argent colloidal \u00e0 l&#8217;int\u00e9rieur et \u00e0 l&#8217;ext\u00e9rieur afin de controler le multiplication des agents patog\u00e9nes de l&#8217;eau de stokage .<\/p>\t\t\t\t\t<\/div>\n\t\t\t\t\t\t<\/div>\n\t\t\t\t<\/div>\n\t\t\t\t<div class=\"elementor-element elementor-element-ba6ad6d elementor-widget elementor-widget-image\" data-id=\"ba6ad6d\" data-element_type=\"widget\" data-widget_type=\"image.default\">\n\t\t\t\t<div class=\"elementor-widget-container\">\n\t\t\t\t\t\t\t\t<div class=\"elementor-image\">\n\t\t\t\t\t\t\t\t\t\t\t\t<img decoding=\"async\" src=\"https:\/\/bio-filtro.com\/wp-content\/uploads\/2021\/01\/biofiltro-7-litros-05.jpg\" title=\"\" alt=\"\" \/>\t\t\t\t\t\t\t\t\t\t\t\t\t\t<\/div>\n\t\t\t\t\t\t<\/div>\n\t\t\t\t<\/div>\n\t\t\t\t<div class=\"elementor-element elementor-element-554e73a elementor-button-danger elementor-align-center elementor-widget elementor-widget-button\" data-id=\"554e73a\" data-element_type=\"widget\" data-widget_type=\"button.default\">\n\t\t\t\t<div class=\"elementor-widget-container\">\n\t\t\t\t\t<div class=\"elementor-button-wrapper\">\n\t\t\t<a href=\"https:\/\/bio-filtro.com\/fr\/outique-oneline\/\" class=\"elementor-button-link elementor-button elementor-size-lg\" role=\"button\">\n\t\t\t\t\t\t<span class=\"elementor-button-content-wrapper\">\n\t\t\t\t\t\t<span class=\"elementor-button-text\">ACHETER ONELINE BIOFILTRO<\/span>\n\t\t<\/span>\n\t\t\t\t\t<\/a>\n\t\t<\/div>\n\t\t\t\t<\/div>\n\t\t\t\t<\/div>\n\t\t\t\t\t\t<\/div>\n\t\t\t\t\t<\/div>\n\t\t<\/div>\n\t\t\t\t\t\t\t\t<\/div>\n\t\t\t\t\t<\/div>\n\t\t<\/section>\n\t\t\t\t\t\t<\/div>\n\t\t\t\t\t\t<\/div>\n\t\t\t\t\t<\/div>\n\t\t","protected":false},"excerpt":{"rendered":"<p>Foncionnement du BIOFILTRO Comment fonctionne la filtration Par gravit\u00e9, l\u2019eau contamin\u00e9e traverse l\u2019argile par des canaux microscopiques de charbon actif naturel. Gr\u00e2ce \u00e0 cette filtration ultrafine, les agents pathog\u00e8nes et les mat\u00e9riaux solides sont pi\u00e9g\u00e9s et d\u00e9truits au contact de l\u2019argent collo\u00efdal, laquelle est reconnue depuis de nombreuses ann\u00e9es, comme l\u2019un des biocides naturels les [&hellip;]<\/p>\n","protected":false},"author":1,"featured_media":0,"parent":0,"menu_order":0,"comment_status":"closed","ping_status":"closed","template":"","meta":{"footnotes":""},"class_list":["post-41","page","type-page","status-publish","hentry"],"aioseo_notices":[],"_links":{"self":[{"href":"https:\/\/bio-filtro.com\/fr\/wp-json\/wp\/v2\/pages\/41","targetHints":{"allow":["GET"]}}],"collection":[{"href":"https:\/\/bio-filtro.com\/fr\/wp-json\/wp\/v2\/pages"}],"about":[{"href":"https:\/\/bio-filtro.com\/fr\/wp-json\/wp\/v2\/types\/page"}],"author":[{"embeddable":true,"href":"https:\/\/bio-filtro.com\/fr\/wp-json\/wp\/v2\/users\/1"}],"replies":[{"embeddable":true,"href":"https:\/\/bio-filtro.com\/fr\/wp-json\/wp\/v2\/comments?post=41"}],"version-history":[{"count":23,"href":"https:\/\/bio-filtro.com\/fr\/wp-json\/wp\/v2\/pages\/41\/revisions"}],"predecessor-version":[{"id":529,"href":"https:\/\/bio-filtro.com\/fr\/wp-json\/wp\/v2\/pages\/41\/revisions\/529"}],"wp:attachment":[{"href":"https:\/\/bio-filtro.com\/fr\/wp-json\/wp\/v2\/media?parent=41"}],"curies":[{"name":"wp","href":"https:\/\/api.w.org\/{rel}","templated":true}]}}