{"id":46,"date":"2021-01-29T10:15:46","date_gmt":"2021-01-29T16:15:46","guid":{"rendered":"https:\/\/bio-filtro.com\/fr\/?page_id=46"},"modified":"2024-05-18T10:37:57","modified_gmt":"2024-05-18T16:37:57","slug":"linstallation","status":"publish","type":"page","link":"https:\/\/bio-filtro.com\/fr\/linstallation\/","title":{"rendered":"L\u2019installation"},"content":{"rendered":"\t\t<div data-elementor-type=\"wp-page\" data-elementor-id=\"46\" class=\"elementor elementor-46\" data-elementor-settings=\"[]\">\n\t\t\t\t\t\t<div class=\"elementor-inner\">\n\t\t\t\t\t\t\t<div class=\"elementor-section-wrap\">\n\t\t\t\t\t\t\t<section class=\"elementor-section elementor-top-section elementor-element elementor-element-e356834 elementor-section-boxed elementor-section-height-default elementor-section-height-default\" data-id=\"e356834\" data-element_type=\"section\">\n\t\t\t\t\t\t<div class=\"elementor-container elementor-column-gap-default\">\n\t\t\t\t\t\t\t<div class=\"elementor-row\">\n\t\t\t\t\t<div class=\"elementor-column elementor-col-100 elementor-top-column elementor-element elementor-element-d4430d4\" data-id=\"d4430d4\" data-element_type=\"column\">\n\t\t\t<div class=\"elementor-column-wrap elementor-element-populated\">\n\t\t\t\t\t\t\t<div class=\"elementor-widget-wrap\">\n\t\t\t\t\t\t<div class=\"elementor-element elementor-element-4102f0e elementor-widget elementor-widget-heading\" data-id=\"4102f0e\" data-element_type=\"widget\" data-widget_type=\"heading.default\">\n\t\t\t\t<div class=\"elementor-widget-container\">\n\t\t\t<h1 class=\"elementor-heading-title elementor-size-default\">L\u2019installation<\/h1>\t\t<\/div>\n\t\t\t\t<\/div>\n\t\t\t\t\t\t<\/div>\n\t\t\t\t\t<\/div>\n\t\t<\/div>\n\t\t\t\t\t\t\t\t<\/div>\n\t\t\t\t\t<\/div>\n\t\t<\/section>\n\t\t\t\t<section class=\"elementor-section elementor-top-section elementor-element elementor-element-7144815 elementor-section-boxed elementor-section-height-default elementor-section-height-default\" data-id=\"7144815\" data-element_type=\"section\">\n\t\t\t\t\t\t<div class=\"elementor-container elementor-column-gap-default\">\n\t\t\t\t\t\t\t<div class=\"elementor-row\">\n\t\t\t\t\t<div class=\"elementor-column elementor-col-33 elementor-top-column elementor-element elementor-element-9e5a58e\" data-id=\"9e5a58e\" data-element_type=\"column\">\n\t\t\t<div class=\"elementor-column-wrap elementor-element-populated\">\n\t\t\t\t\t\t\t<div class=\"elementor-widget-wrap\">\n\t\t\t\t\t\t<div class=\"elementor-element elementor-element-ca8dc42 elementor-aspect-ratio-916 elementor-widget elementor-widget-video\" data-id=\"ca8dc42\" data-element_type=\"widget\" data-settings=\"{&quot;youtube_url&quot;:&quot;https:\\\/\\\/youtu.be\\\/lfxoUDzYr1A?si=1npT04ugn4hkgzVc&quot;,&quot;show_image_overlay&quot;:&quot;yes&quot;,&quot;image_overlay&quot;:{&quot;url&quot;:&quot;http:\\\/\\\/bio-filtro.com\\\/fr\\\/wp-content\\\/uploads\\\/sites\\\/4\\\/2024\\\/05\\\/video1-banner-50.jpg&quot;,&quot;id&quot;:615,&quot;alt&quot;:&quot;&quot;,&quot;source&quot;:&quot;library&quot;},&quot;aspect_ratio&quot;:&quot;916&quot;,&quot;video_type&quot;:&quot;youtube&quot;,&quot;controls&quot;:&quot;yes&quot;}\" data-widget_type=\"video.default\">\n\t\t\t\t<div class=\"elementor-widget-container\">\n\t\t\t\t\t<div class=\"elementor-wrapper elementor-fit-aspect-ratio elementor-open-inline\">\n\t\t\t<div class=\"elementor-video\"><\/div>\t\t\t\t<div class=\"elementor-custom-embed-image-overlay\" style=\"background-image: url(https:\/\/bio-filtro.com\/fr\/wp-content\/uploads\/sites\/4\/2024\/05\/video1-banner-50.jpg);\">\n\t\t\t\t\t\t\t\t\t\t\t\t\t\t\t\t<div class=\"elementor-custom-embed-play\" role=\"button\">\n\t\t\t\t\t\t\t<i class=\"eicon-play\" aria-hidden=\"true\"><\/i>\n\t\t\t\t\t\t\t<span class=\"elementor-screen-only\">Lire la vid\u00e9o<\/span>\n\t\t\t\t\t\t<\/div>\n\t\t\t\t\t\t\t\t\t<\/div>\n\t\t\t\t\t<\/div>\n\t\t\t\t<\/div>\n\t\t\t\t<\/div>\n\t\t\t\t\t\t<\/div>\n\t\t\t\t\t<\/div>\n\t\t<\/div>\n\t\t\t\t<div class=\"elementor-column elementor-col-66 elementor-top-column elementor-element elementor-element-09ae01c\" data-id=\"09ae01c\" data-element_type=\"column\">\n\t\t\t<div class=\"elementor-column-wrap elementor-element-populated\">\n\t\t\t\t\t\t\t<div class=\"elementor-widget-wrap\">\n\t\t\t\t\t\t<div class=\"elementor-element elementor-element-9e156c5 elementor-widget elementor-widget-heading\" data-id=\"9e156c5\" data-element_type=\"widget\" data-widget_type=\"heading.default\">\n\t\t\t\t<div class=\"elementor-widget-container\">\n\t\t\t<h2 class=\"elementor-heading-title elementor-size-default\">Mise en Service du BIOFILTRO<\/h2>\t\t<\/div>\n\t\t\t\t<\/div>\n\t\t\t\t<div class=\"elementor-element elementor-element-0d1172a elementor-widget elementor-widget-text-editor\" data-id=\"0d1172a\" data-element_type=\"widget\" data-widget_type=\"text-editor.default\">\n\t\t\t\t<div class=\"elementor-widget-container\">\n\t\t\t\t\t\t\t\t<div class=\"elementor-text-editor elementor-clearfix\">\n\t\t\t\t<p><span style=\"font-weight: 400;\"><img loading=\"lazy\" decoding=\"async\" class=\"alignright size-full wp-image-616\" src=\"http:\/\/bio-filtro.com\/fr\/wp-content\/uploads\/sites\/4\/2024\/05\/INSTRUCCIONES-BIOFILTRO-NOTA-FRANCES-INSTRUCCIONES-BIOFILTRO-image-only.png\" alt=\"\" width=\"227\" height=\"344\" srcset=\"https:\/\/bio-filtro.com\/fr\/wp-content\/uploads\/sites\/4\/2024\/05\/INSTRUCCIONES-BIOFILTRO-NOTA-FRANCES-INSTRUCCIONES-BIOFILTRO-image-only.png 227w, https:\/\/bio-filtro.com\/fr\/wp-content\/uploads\/sites\/4\/2024\/05\/INSTRUCCIONES-BIOFILTRO-NOTA-FRANCES-INSTRUCCIONES-BIOFILTRO-image-only-198x300.png 198w\" sizes=\"auto, (max-width: 227px) 100vw, 227px\" \/>Apr\u00e9s avoir plac\u00e9 le BIOFILTRO dans sa position definitive, et avant d&#8217;utiliser l&#8217;eau filtr\u00e9e.\u00a0<\/span><span style=\"font-weight: 400;\">Remplissez l&#8217;\u00e9l\u00e9ment filtrant d&#8217;eau et vidangez-la par le robinet. <\/span><span style=\"font-weight: 400;\">R\u00e9p\u00e9tez cette proc\u00e9dure (2 \u00e0 4 fois) jusqu&#8217;\u00e0 ce que le go\u00fbt d&#8217;argile disparaisse de l&#8217;eau filtr\u00e9e.\u00a0<\/span><span style=\"font-weight: 400;\">Ensuite, effectuez l&#8217;entretien initial d\u00e9crit dans la vid\u00e9o ci-dessous.<\/span><\/p><p><strong><a href=\"https:\/\/bio-filtro.com\/fr\/maintenance\/\"><span id=\"docs-internal-guid-9569a25f-7fff-32f6-89a0-973b9d06ee48\"><span style=\"font-size: 11pt; font-family: Arial, sans-serif; color: #000000; background-color: transparent; font-variant-numeric: normal; font-variant-east-asian: normal; font-variant-alternates: normal; vertical-align: baseline; white-space-collapse: preserve;\">&gt; Mantenimiento<\/span><\/span><\/a><\/strong><\/p><p><strong>Remarque:<\/strong> Lors de la premi\u00e8re utilisation du BIOFITRO, la vitesse de filtration est lente au d\u00e9but, jusqu\u2019\u00e0 ce qu&#8217;elle atteigne son d\u00e9bit normal dans les 15 jours.<\/p><ul><li>Pour une bonne utilisation il est important de maintenir le BIOFILTRO le plus rempli possible<\/li><li>Plus la vitesse de filtration est lente, meilleure est la qualit\u00e9 de l&#8217;eau<\/li><\/ul>\t\t\t\t\t<\/div>\n\t\t\t\t\t\t<\/div>\n\t\t\t\t<\/div>\n\t\t\t\t\t\t<\/div>\n\t\t\t\t\t<\/div>\n\t\t<\/div>\n\t\t\t\t\t\t\t\t<\/div>\n\t\t\t\t\t<\/div>\n\t\t<\/section>\n\t\t\t\t<section class=\"elementor-section elementor-top-section elementor-element elementor-element-b755cd7 elementor-section-boxed elementor-section-height-default elementor-section-height-default\" data-id=\"b755cd7\" data-element_type=\"section\">\n\t\t\t\t\t\t<div class=\"elementor-container elementor-column-gap-default\">\n\t\t\t\t\t\t\t<div class=\"elementor-row\">\n\t\t\t\t\t<div class=\"elementor-column elementor-col-50 elementor-top-column elementor-element elementor-element-fb4504f\" data-id=\"fb4504f\" data-element_type=\"column\">\n\t\t\t<div class=\"elementor-column-wrap elementor-element-populated\">\n\t\t\t\t\t\t\t<div class=\"elementor-widget-wrap\">\n\t\t\t\t\t\t<div class=\"elementor-element elementor-element-d112867 elementor-widget elementor-widget-heading\" data-id=\"d112867\" data-element_type=\"widget\" data-widget_type=\"heading.default\">\n\t\t\t\t<div class=\"elementor-widget-container\">\n\t\t\t<h2 class=\"elementor-heading-title elementor-size-default\">Vitesse de Filtration BIOFILTRO<\/h2>\t\t<\/div>\n\t\t\t\t<\/div>\n\t\t\t\t<div class=\"elementor-element elementor-element-3c8f522 elementor-widget elementor-widget-text-editor\" data-id=\"3c8f522\" data-element_type=\"widget\" data-widget_type=\"text-editor.default\">\n\t\t\t\t<div class=\"elementor-widget-container\">\n\t\t\t\t\t\t\t\t<div class=\"elementor-text-editor elementor-clearfix\">\n\t\t\t\t<h3>BIOFILTRO 30 litres :<\/h3><p>L&#8217;unit\u00e9 de filtration a une capacit\u00e9 de 9 litres avec une vitesse de filtration comprise entre 1,4 litres et 2,4 litres\/heure avec une moyenne de 1,8 litres\/heure. La production d&#8217;eau journali\u00e8re est d&#8217;environ 22 litres avec 3 remplissages le matin, le midi et le soir. <strong>Ideal pour 4 \u00e0 6 personnes<\/strong><\/p><h3>BIOFILTRO 20 litres :<\/h3><p>L&#8217;unit\u00e9 de filtration a une capacit\u00e9 de 9 litres avec un d\u00e9bit de filtration compris entre 1,4 et 2,4 litres\/heure avec une moyenne de 1,8 litres\/heure. L&#8217;eau produite quotidiennement est d&#8217;environ 15 litres avec 3 remplissages matin, midi et soir. <strong>Ideal pour 3 \u00e0 5 personnes<\/strong><\/p><h3>BIOFILTRO 12 litres :<\/h3><p>L&#8217;unit\u00e9 de filtration a une capacit\u00e9 de 4 litres avec un d\u00e9bit de filtration compris entre 0,7 et 1,2 litres\/heure avec une moyenne de 0.9 litres\/heure. L&#8217;eau produite quotidiennement est d&#8217;environ 9 litres avec 3 remplissages matin, midi et soir. <strong>Ideal pour 1 \u00e0 2 personnes<\/strong><\/p><h3>BIOFILTRO 7 litres :<\/h3><p>L&#8217;unit\u00e9 de filtration a une capacit\u00e9 de 2 litres avec une vitesse de filtration comprise entre 0,30 et 0,53 litres\/heure avec une moyenne de 0,45 litres\/heure. L&#8217;eau produite quotidiennement est d&#8217;environ 5 litres avec 3 remplissages le matin, le midi et le soir. <strong>Ideal pour 1 personne<\/strong><\/p>\t\t\t\t\t<\/div>\n\t\t\t\t\t\t<\/div>\n\t\t\t\t<\/div>\n\t\t\t\t\t\t<\/div>\n\t\t\t\t\t<\/div>\n\t\t<\/div>\n\t\t\t\t<div class=\"elementor-column elementor-col-50 elementor-top-column elementor-element elementor-element-977881f\" data-id=\"977881f\" data-element_type=\"column\">\n\t\t\t<div class=\"elementor-column-wrap elementor-element-populated\">\n\t\t\t\t\t\t\t<div class=\"elementor-widget-wrap\">\n\t\t\t\t\t\t<div class=\"elementor-element elementor-element-1577e26 elementor-widget elementor-widget-image\" data-id=\"1577e26\" data-element_type=\"widget\" data-widget_type=\"image.default\">\n\t\t\t\t<div class=\"elementor-widget-container\">\n\t\t\t\t\t\t\t\t<div class=\"elementor-image\">\n\t\t\t\t\t\t\t\t\t\t\t\t<img loading=\"lazy\" decoding=\"async\" width=\"640\" height=\"834\" src=\"https:\/\/bio-filtro.com\/fr\/wp-content\/uploads\/sites\/4\/2023\/08\/30SBF-edited-786x1024.jpg\" class=\"attachment-large size-large\" alt=\"\" srcset=\"https:\/\/bio-filtro.com\/fr\/wp-content\/uploads\/sites\/4\/2023\/08\/30SBF-edited-786x1024.jpg 786w, https:\/\/bio-filtro.com\/fr\/wp-content\/uploads\/sites\/4\/2023\/08\/30SBF-edited-230x300.jpg 230w, https:\/\/bio-filtro.com\/fr\/wp-content\/uploads\/sites\/4\/2023\/08\/30SBF-edited-768x1001.jpg 768w, https:\/\/bio-filtro.com\/fr\/wp-content\/uploads\/sites\/4\/2023\/08\/30SBF-edited-1179x1536.jpg 1179w, https:\/\/bio-filtro.com\/fr\/wp-content\/uploads\/sites\/4\/2023\/08\/30SBF-edited-600x782.jpg 600w, https:\/\/bio-filtro.com\/fr\/wp-content\/uploads\/sites\/4\/2023\/08\/30SBF-edited.jpg 1334w\" sizes=\"auto, (max-width: 640px) 100vw, 640px\" \/>\t\t\t\t\t\t\t\t\t\t\t\t\t\t<\/div>\n\t\t\t\t\t\t<\/div>\n\t\t\t\t<\/div>\n\t\t\t\t<div class=\"elementor-element elementor-element-53543cb elementor-button-danger elementor-align-center elementor-widget elementor-widget-button\" data-id=\"53543cb\" data-element_type=\"widget\" data-widget_type=\"button.default\">\n\t\t\t\t<div class=\"elementor-widget-container\">\n\t\t\t\t\t<div class=\"elementor-button-wrapper\">\n\t\t\t<a href=\"https:\/\/bio-filtro.com\/fr\/outique-oneline\/\" class=\"elementor-button-link elementor-button elementor-size-lg\" role=\"button\">\n\t\t\t\t\t\t<span class=\"elementor-button-content-wrapper\">\n\t\t\t\t\t\t<span class=\"elementor-button-text\">COMPRAR BIOFILTRO<\/span>\n\t\t<\/span>\n\t\t\t\t\t<\/a>\n\t\t<\/div>\n\t\t\t\t<\/div>\n\t\t\t\t<\/div>\n\t\t\t\t\t\t<\/div>\n\t\t\t\t\t<\/div>\n\t\t<\/div>\n\t\t\t\t\t\t\t\t<\/div>\n\t\t\t\t\t<\/div>\n\t\t<\/section>\n\t\t\t\t\t\t<\/div>\n\t\t\t\t\t\t<\/div>\n\t\t\t\t\t<\/div>\n\t\t","protected":false},"excerpt":{"rendered":"<p>L\u2019installation Mise en Service du BIOFILTRO Apr\u00e9s avoir plac\u00e9 le BIOFILTRO dans sa position definitive, et avant d&#8217;utiliser l&#8217;eau filtr\u00e9e.\u00a0Remplissez l&#8217;\u00e9l\u00e9ment filtrant d&#8217;eau et vidangez-la par le robinet. R\u00e9p\u00e9tez cette proc\u00e9dure (2 \u00e0 4 fois) jusqu&#8217;\u00e0 ce que le go\u00fbt d&#8217;argile disparaisse de l&#8217;eau filtr\u00e9e.\u00a0Ensuite, effectuez l&#8217;entretien initial d\u00e9crit dans la vid\u00e9o ci-dessous. &gt; Mantenimiento [&hellip;]<\/p>\n","protected":false},"author":1,"featured_media":0,"parent":0,"menu_order":0,"comment_status":"closed","ping_status":"closed","template":"","meta":{"footnotes":""},"class_list":["post-46","page","type-page","status-publish","hentry"],"aioseo_notices":[],"_links":{"self":[{"href":"https:\/\/bio-filtro.com\/fr\/wp-json\/wp\/v2\/pages\/46","targetHints":{"allow":["GET"]}}],"collection":[{"href":"https:\/\/bio-filtro.com\/fr\/wp-json\/wp\/v2\/pages"}],"about":[{"href":"https:\/\/bio-filtro.com\/fr\/wp-json\/wp\/v2\/types\/page"}],"author":[{"embeddable":true,"href":"https:\/\/bio-filtro.com\/fr\/wp-json\/wp\/v2\/users\/1"}],"replies":[{"embeddable":true,"href":"https:\/\/bio-filtro.com\/fr\/wp-json\/wp\/v2\/comments?post=46"}],"version-history":[{"count":68,"href":"https:\/\/bio-filtro.com\/fr\/wp-json\/wp\/v2\/pages\/46\/revisions"}],"predecessor-version":[{"id":619,"href":"https:\/\/bio-filtro.com\/fr\/wp-json\/wp\/v2\/pages\/46\/revisions\/619"}],"wp:attachment":[{"href":"https:\/\/bio-filtro.com\/fr\/wp-json\/wp\/v2\/media?parent=46"}],"curies":[{"name":"wp","href":"https:\/\/api.w.org\/{rel}","templated":true}]}}