{"id":52,"date":"2021-01-29T10:18:19","date_gmt":"2021-01-29T16:18:19","guid":{"rendered":"https:\/\/bio-filtro.com\/fr\/?page_id=52"},"modified":"2023-07-27T08:09:50","modified_gmt":"2023-07-27T14:09:50","slug":"maintenance","status":"publish","type":"page","link":"https:\/\/bio-filtro.com\/fr\/maintenance\/","title":{"rendered":"Maintenance"},"content":{"rendered":"\t\t<div data-elementor-type=\"wp-page\" data-elementor-id=\"52\" class=\"elementor elementor-52\" data-elementor-settings=\"[]\">\n\t\t\t\t\t\t<div class=\"elementor-inner\">\n\t\t\t\t\t\t\t<div class=\"elementor-section-wrap\">\n\t\t\t\t\t\t\t<section class=\"elementor-section elementor-top-section elementor-element elementor-element-080cfed elementor-section-boxed elementor-section-height-default elementor-section-height-default\" data-id=\"080cfed\" data-element_type=\"section\">\n\t\t\t\t\t\t<div class=\"elementor-container elementor-column-gap-default\">\n\t\t\t\t\t\t\t<div class=\"elementor-row\">\n\t\t\t\t\t<div class=\"elementor-column elementor-col-100 elementor-top-column elementor-element elementor-element-36e8447\" data-id=\"36e8447\" data-element_type=\"column\">\n\t\t\t<div class=\"elementor-column-wrap elementor-element-populated\">\n\t\t\t\t\t\t\t<div class=\"elementor-widget-wrap\">\n\t\t\t\t\t\t<div class=\"elementor-element elementor-element-37c2181 elementor-widget elementor-widget-heading\" data-id=\"37c2181\" data-element_type=\"widget\" data-widget_type=\"heading.default\">\n\t\t\t\t<div class=\"elementor-widget-container\">\n\t\t\t<h1 class=\"elementor-heading-title elementor-size-large\">Entretien et nettoyage du BIOFILTRO.<\/h1>\t\t<\/div>\n\t\t\t\t<\/div>\n\t\t\t\t\t\t<\/div>\n\t\t\t\t\t<\/div>\n\t\t<\/div>\n\t\t\t\t\t\t\t\t<\/div>\n\t\t\t\t\t<\/div>\n\t\t<\/section>\n\t\t\t\t<section class=\"elementor-section elementor-top-section elementor-element elementor-element-8205e3f elementor-section-boxed elementor-section-height-default elementor-section-height-default\" data-id=\"8205e3f\" data-element_type=\"section\">\n\t\t\t\t\t\t<div class=\"elementor-container elementor-column-gap-default\">\n\t\t\t\t\t\t\t<div class=\"elementor-row\">\n\t\t\t\t\t<div class=\"elementor-column elementor-col-100 elementor-top-column elementor-element elementor-element-11c3f43\" data-id=\"11c3f43\" data-element_type=\"column\">\n\t\t\t<div class=\"elementor-column-wrap elementor-element-populated\">\n\t\t\t\t\t\t\t<div class=\"elementor-widget-wrap\">\n\t\t\t\t\t\t<div class=\"elementor-element elementor-element-2be51b7 elementor-aspect-ratio-169 elementor-widget elementor-widget-video\" data-id=\"2be51b7\" data-element_type=\"widget\" data-settings=\"{&quot;youtube_url&quot;:&quot;https:\\\/\\\/youtu.be\\\/SoYG4nRTBTQ&quot;,&quot;video_type&quot;:&quot;youtube&quot;,&quot;controls&quot;:&quot;yes&quot;,&quot;aspect_ratio&quot;:&quot;169&quot;}\" data-widget_type=\"video.default\">\n\t\t\t\t<div class=\"elementor-widget-container\">\n\t\t\t\t\t<div class=\"elementor-wrapper elementor-fit-aspect-ratio elementor-open-inline\">\n\t\t\t<div class=\"elementor-video\"><\/div>\t\t<\/div>\n\t\t\t\t<\/div>\n\t\t\t\t<\/div>\n\t\t\t\t\t\t<\/div>\n\t\t\t\t\t<\/div>\n\t\t<\/div>\n\t\t\t\t\t\t\t\t<\/div>\n\t\t\t\t\t<\/div>\n\t\t<\/section>\n\t\t\t\t<section class=\"elementor-section elementor-top-section elementor-element elementor-element-4c7b8c0 elementor-section-boxed elementor-section-height-default elementor-section-height-default\" data-id=\"4c7b8c0\" data-element_type=\"section\">\n\t\t\t\t\t\t<div class=\"elementor-container elementor-column-gap-wider\">\n\t\t\t\t\t\t\t<div class=\"elementor-row\">\n\t\t\t\t\t<div class=\"elementor-column elementor-col-50 elementor-top-column elementor-element elementor-element-6cd15eb\" data-id=\"6cd15eb\" data-element_type=\"column\">\n\t\t\t<div class=\"elementor-column-wrap elementor-element-populated\">\n\t\t\t\t\t\t\t<div class=\"elementor-widget-wrap\">\n\t\t\t\t\t\t<div class=\"elementor-element elementor-element-0444ec4 elementor-widget elementor-widget-text-editor\" data-id=\"0444ec4\" data-element_type=\"widget\" data-widget_type=\"text-editor.default\">\n\t\t\t\t<div class=\"elementor-widget-container\">\n\t\t\t\t\t\t\t\t<div class=\"elementor-text-editor elementor-clearfix\">\n\t\t\t\t<p>L\u2019\u00e9l\u00e9ment de filtration du BIOFILTRO doit \u00eatre remplac\u00e9 tous les deux ans. L\u2019entretien et la maintenance sont faciles \u00e0 r\u00e9aliser, ce qui assurera que le BIOFILTRO fonctionnera efficacement pendant le cycle d\u2019utilisation de 2 ans de l\u2019\u00e9l\u00e9ment de filtration.<\/p><p>Nettoyez le BIOFILTRO tous les trois mois, ou lorsque le d\u00e9bit d\u2019eau commence \u00e0 ralentir, ou si vous remarquez qu\u2019il y a un changement de go\u00fbt dans l\u2019eau purifi\u00e9e, ce sera une autre indication pour le nettoyage. De plus, selon la qualit\u00e9 de l\u2019eau \u00e0 filtrer utilis\u00e9e, vous devez selon les cas, nettoyer le BIOFILTRO avant le cycle d\u2019entretien de trois mois.<\/p><p>Vous pouvez t\u00e9l\u00e9charger la notice de maintenance complet en cliquant sur: Fran\u00e7ais<\/p>\t\t\t\t\t<\/div>\n\t\t\t\t\t\t<\/div>\n\t\t\t\t<\/div>\n\t\t\t\t\t\t<\/div>\n\t\t\t\t\t<\/div>\n\t\t<\/div>\n\t\t\t\t<div class=\"elementor-column elementor-col-50 elementor-top-column elementor-element elementor-element-f354eb3\" data-id=\"f354eb3\" data-element_type=\"column\">\n\t\t\t<div class=\"elementor-column-wrap elementor-element-populated\">\n\t\t\t\t\t\t\t<div class=\"elementor-widget-wrap\">\n\t\t\t\t\t\t<div class=\"elementor-element elementor-element-e9e2903 elementor-widget elementor-widget-heading\" data-id=\"e9e2903\" data-element_type=\"widget\" data-widget_type=\"heading.default\">\n\t\t\t\t<div class=\"elementor-widget-container\">\n\t\t\t<h2 class=\"elementor-heading-title elementor-size-medium\">Pr\u00e9cautions <\/h2>\t\t<\/div>\n\t\t\t\t<\/div>\n\t\t\t\t<div class=\"elementor-element elementor-element-f57cffd elementor-widget elementor-widget-text-editor\" data-id=\"f57cffd\" data-element_type=\"widget\" data-widget_type=\"text-editor.default\">\n\t\t\t\t<div class=\"elementor-widget-container\">\n\t\t\t\t\t\t\t\t<div class=\"elementor-text-editor elementor-clearfix\">\n\t\t\t\t<ol><li>Ne jamais toucher l\u2019ext\u00e9rieur de l\u2019\u00e9l\u00e9ment filtrant directement avec les mains.<\/li><li>Ne jamais utiliser du savon ou de chlore pour nettoyer la jarre ou l\u2019\u00e9l\u00e9ment de filtration.<\/li><li>Ne jamais utiliser des \u00e9ponges abrasives, car elles endommageraient le filtre de fa\u00e7on permanente, le rendant inutilisable.<\/li><li>Ne jamais utiliser d\u2019objets tranchants comme un couteau pour gratter la salet\u00e9 pi\u00e9g\u00e9e \u00e0 l\u2019ant\u00e9rieur de l\u2019\u00e9l\u00e9ment filtration.<\/li><li>N\u2019utilisez que des nouvelles \u00e9ponges douces et de l\u2019eau filtr\u00e9e pr\u00e9venant de la jarre pour le nettoyage du Biofiltro.<\/li><\/ol>\t\t\t\t\t<\/div>\n\t\t\t\t\t\t<\/div>\n\t\t\t\t<\/div>\n\t\t\t\t\t\t<\/div>\n\t\t\t\t\t<\/div>\n\t\t<\/div>\n\t\t\t\t\t\t\t\t<\/div>\n\t\t\t\t\t<\/div>\n\t\t<\/section>\n\t\t\t\t\t\t<\/div>\n\t\t\t\t\t\t<\/div>\n\t\t\t\t\t<\/div>\n\t\t","protected":false},"excerpt":{"rendered":"<p>Entretien et nettoyage du BIOFILTRO. https:\/\/youtu.be\/SoYG4nRTBTQ L\u2019\u00e9l\u00e9ment de filtration du BIOFILTRO doit \u00eatre remplac\u00e9 tous les deux ans. L\u2019entretien et la maintenance sont faciles \u00e0 r\u00e9aliser, ce qui assurera que le BIOFILTRO fonctionnera efficacement pendant le cycle d\u2019utilisation de 2 ans de l\u2019\u00e9l\u00e9ment de filtration. Nettoyez le BIOFILTRO tous les trois mois, ou lorsque le [&hellip;]<\/p>\n","protected":false},"author":1,"featured_media":0,"parent":0,"menu_order":0,"comment_status":"closed","ping_status":"closed","template":"","meta":{"footnotes":""},"class_list":["post-52","page","type-page","status-publish","hentry"],"aioseo_notices":[],"_links":{"self":[{"href":"https:\/\/bio-filtro.com\/fr\/wp-json\/wp\/v2\/pages\/52","targetHints":{"allow":["GET"]}}],"collection":[{"href":"https:\/\/bio-filtro.com\/fr\/wp-json\/wp\/v2\/pages"}],"about":[{"href":"https:\/\/bio-filtro.com\/fr\/wp-json\/wp\/v2\/types\/page"}],"author":[{"embeddable":true,"href":"https:\/\/bio-filtro.com\/fr\/wp-json\/wp\/v2\/users\/1"}],"replies":[{"embeddable":true,"href":"https:\/\/bio-filtro.com\/fr\/wp-json\/wp\/v2\/comments?post=52"}],"version-history":[{"count":8,"href":"https:\/\/bio-filtro.com\/fr\/wp-json\/wp\/v2\/pages\/52\/revisions"}],"predecessor-version":[{"id":462,"href":"https:\/\/bio-filtro.com\/fr\/wp-json\/wp\/v2\/pages\/52\/revisions\/462"}],"wp:attachment":[{"href":"https:\/\/bio-filtro.com\/fr\/wp-json\/wp\/v2\/media?parent=52"}],"curies":[{"name":"wp","href":"https:\/\/api.w.org\/{rel}","templated":true}]}}