{"id":142,"date":"2021-01-29T12:31:28","date_gmt":"2021-01-29T18:31:28","guid":{"rendered":"https:\/\/bio-filtro.com\/fr\/producto\/import-placeholder-for-6925\/"},"modified":"2026-01-31T07:30:29","modified_gmt":"2026-01-31T13:30:29","slug":"biofiltro-30-litres-naturelle","status":"publish","type":"product","link":"https:\/\/bio-filtro.com\/fr\/producto\/biofiltro-30-litres-naturelle\/","title":{"rendered":"BIOFILTRO 30 Litres &#8211; Naturelle"},"content":{"rendered":"","protected":false},"excerpt":{"rendered":"<p>\u0152uvre d&#8217;art et purificateur d&#8217;eau<\/p>\n<ul>\n<li>Eau purifi\u00e9e de haute qualit\u00e9.<\/li>\n<li>Eau toujours fra\u00eeche et \u00e9nergis\u00e9e<\/li>\n<li>\u00c9conomie d&#8217;argent<\/li>\n<li>Bonne sant\u00e9<\/li>\n<li>\u00c9l\u00e9gance.<\/li>\n<\/ul>\n","protected":false},"featured_media":458,"template":"","meta":[],"product_brand":[],"product_cat":[25],"product_tag":[],"class_list":{"0":"post-142","1":"product","2":"type-product","3":"status-publish","4":"has-post-thumbnail","6":"product_cat-creation-24","7":"product_shipping_class-biofiltro-30-litres","9":"first","10":"instock","11":"taxable","12":"shipping-taxable","13":"purchasable","14":"product-type-simple"},"aioseo_notices":[],"_links":{"self":[{"href":"https:\/\/bio-filtro.com\/fr\/wp-json\/wp\/v2\/product\/142","targetHints":{"allow":["GET"]}}],"collection":[{"href":"https:\/\/bio-filtro.com\/fr\/wp-json\/wp\/v2\/product"}],"about":[{"href":"https:\/\/bio-filtro.com\/fr\/wp-json\/wp\/v2\/types\/product"}],"wp:featuredmedia":[{"embeddable":true,"href":"https:\/\/bio-filtro.com\/fr\/wp-json\/wp\/v2\/media\/458"}],"wp:attachment":[{"href":"https:\/\/bio-filtro.com\/fr\/wp-json\/wp\/v2\/media?parent=142"}],"wp:term":[{"taxonomy":"product_brand","embeddable":true,"href":"https:\/\/bio-filtro.com\/fr\/wp-json\/wp\/v2\/product_brand?post=142"},{"taxonomy":"product_cat","embeddable":true,"href":"https:\/\/bio-filtro.com\/fr\/wp-json\/wp\/v2\/product_cat?post=142"},{"taxonomy":"product_tag","embeddable":true,"href":"https:\/\/bio-filtro.com\/fr\/wp-json\/wp\/v2\/product_tag?post=142"}],"curies":[{"name":"wp","href":"https:\/\/api.w.org\/{rel}","templated":true}]}}