{"id":342,"date":"2022-01-27T15:37:25","date_gmt":"2022-01-27T21:37:25","guid":{"rendered":"https:\/\/bio-filtro.com\/fr\/?post_type=product&#038;p=342"},"modified":"2026-01-31T07:27:23","modified_gmt":"2026-01-31T13:27:23","slug":"biofiltro-7-litres-bicolore","status":"publish","type":"product","link":"https:\/\/bio-filtro.com\/fr\/producto\/biofiltro-7-litres-bicolore\/","title":{"rendered":"BIOFILTRO 7 Litres &#8211; Bicolore"},"content":{"rendered":"","protected":false},"excerpt":{"rendered":"<p>\u0152uvre d\u2019art et purificateur d\u2019eau<\/p>\n<p>Eau purifi\u00e9e de haute qualit\u00e9.<br \/>\nEau toujours fra\u00eeche et \u00e9nergis\u00e9e<br \/>\n\u00c9conomie d\u2019argent<br \/>\nBonne sant\u00e9<br \/>\n\u00c9l\u00e9gance.<\/p>\n","protected":false},"featured_media":453,"template":"","meta":[],"product_brand":[],"product_cat":[25],"product_tag":[],"class_list":{"0":"post-342","1":"product","2":"type-product","3":"status-publish","4":"has-post-thumbnail","6":"product_cat-creation-24","7":"product_shipping_class-biofiltro-7-litres","9":"first","10":"instock","11":"taxable","12":"shipping-taxable","13":"purchasable","14":"product-type-simple"},"aioseo_notices":[],"_links":{"self":[{"href":"https:\/\/bio-filtro.com\/fr\/wp-json\/wp\/v2\/product\/342","targetHints":{"allow":["GET"]}}],"collection":[{"href":"https:\/\/bio-filtro.com\/fr\/wp-json\/wp\/v2\/product"}],"about":[{"href":"https:\/\/bio-filtro.com\/fr\/wp-json\/wp\/v2\/types\/product"}],"wp:featuredmedia":[{"embeddable":true,"href":"https:\/\/bio-filtro.com\/fr\/wp-json\/wp\/v2\/media\/453"}],"wp:attachment":[{"href":"https:\/\/bio-filtro.com\/fr\/wp-json\/wp\/v2\/media?parent=342"}],"wp:term":[{"taxonomy":"product_brand","embeddable":true,"href":"https:\/\/bio-filtro.com\/fr\/wp-json\/wp\/v2\/product_brand?post=342"},{"taxonomy":"product_cat","embeddable":true,"href":"https:\/\/bio-filtro.com\/fr\/wp-json\/wp\/v2\/product_cat?post=342"},{"taxonomy":"product_tag","embeddable":true,"href":"https:\/\/bio-filtro.com\/fr\/wp-json\/wp\/v2\/product_tag?post=342"}],"curies":[{"name":"wp","href":"https:\/\/api.w.org\/{rel}","templated":true}]}}